{"id":399,"date":"2018-10-27T14:57:47","date_gmt":"2018-10-27T14:57:47","guid":{"rendered":"http:\/\/www.davidrico.info\/saunacondal\/?page_id=399"},"modified":"2026-03-19T19:40:15","modified_gmt":"2026-03-19T19:40:15","slug":"gay-sauna-sevilla","status":"publish","type":"page","link":"https:\/\/www.saunaspases.com\/saunahispalis\/","title":{"rendered":"Sauna gay Sevilla"},"content":{"rendered":"<div class=\"wpb-content-wrapper\"><p>[vc_row full_width=\u00bbstretch_row\u00bb content_type=\u00bbfull\u00bb padding_top=\u00bb0&#8243; padding_bottom=\u00bb0&#8243; background_image=\u00bb0&#8243; css=\u00bb.vc_custom_1738815074407{background-color: #FFFFFF !important;}\u00bb][vc_column css=\u00bb.vc_custom_1738773496971{background-position: center !important;background-repeat: no-repeat !important;background-size: cover !important;}\u00bb][vc_row_inner gap=\u00bb35&#8243; css=\u00bb.vc_custom_1738877327504{margin-top: 0px !important;margin-bottom: 20px !important;}\u00bb][vc_column_inner el_class=\u00bbtexto\u00bb width=\u00bb1\/2&#8243;][vc_column_text css=\u00bb\u00bb]<\/p>\n<h1 class=\"titulos\" style=\"font-size: 50px; text-align: left;\">Sauna gay Sevilla<\/h1>\n<p>[\/vc_column_text][vc_column_text css=\u00bb.vc_custom_1750153698739{margin-bottom: 15px !important;}\u00bb]<span class=\"texto\" style=\"font-family: Montserrat;\"><span class=\"texto\" style=\"color: black;\">En <strong>Sauna H\u00edspalis<\/strong> te espera un espacio c\u00f3modo y discreto pensado para tu bienestar y disfrute.<br \/>\nRel\u00e1jate en nuestras zonas h\u00famedas, desconecta en la sauna o el jacuzzi, y d\u00e9jate llevar por el ambiente. <\/span><\/span><\/p>\n<p><span class=\"texto\" style=\"font-family: Montserrat;\"><span class=\"texto\" style=\"color: black;\">Aqu\u00ed lo importante es que te sientas libre, c\u00f3modo y vivas tu experiencia a tu ritmo<\/span><\/span><\/p>\n<p><span class=\"texto\" style=\"font-family: Montserrat;\"><span class=\"texto\" style=\"color: black;\">Las opiniones sobre nosotros <a class=\"enlaces\" style=\"color: #ef0003;\" href=\"#opiniones\"><b>nos avala<\/b><\/a>.<br \/>\n<\/span><\/span><\/p>\n<p><span class=\"texto\" style=\"color: black; font-family: Montserrat;\"><strong>\u00a1Vis\u00edtanos!<\/strong><\/span>[\/vc_column_text][\/vc_column_inner][vc_column_inner el_class=\u00bb.img_24x7&#8243; width=\u00bb1\/2&#8243; css=\u00bb.vc_custom_1750104050016{padding-top: 15px !important;}\u00bb][vc_images_carousel images=\u00bb2694&#8243; img_size=\u00bbfull\u00bb speed=\u00bb4000&#8243; autoplay=\u00bbyes\u00bb hide_pagination_control=\u00bbyes\u00bb hide_prev_next_buttons=\u00bbyes\u00bb wrap=\u00bbyes\u00bb css=\u00bb\u00bb el_class=\u00bbinstalaciones\u00bb][\/vc_column_inner][\/vc_row_inner][\/vc_column][\/vc_row][vc_row content_type=\u00bbfull\u00bb anchor=\u00bbsauna\u00bb padding_top=\u00bb0&#8243; padding_bottom=\u00bb0&#8243; background_color=\u00bb#ffffff\u00bb background_image=\u00bb0&#8243; css=\u00bb.vc_custom_1738853438870{background-color: #F5F5F5 !important;}\u00bb el_id=\u00bbservicios\u00bb][vc_column css_animation=\u00bbbounceIn\u00bb][vc_column_text css=\u00bb.vc_custom_1739041635904{margin-top: 50px !important;}\u00bb]<\/p>\n<h2 class=\"titulos\" style=\"font-size: 50px; text-align: center !important;\">Descubre nuestras instalaciones<\/h2>\n<p>[\/vc_column_text][\/vc_column][\/vc_row][vc_row gap=\u00bb35&#8243; content_type=\u00bbfull\u00bb padding_top=\u00bb0&#8243; padding_bottom=\u00bb0&#8243; background_image=\u00bb0&#8243; el_class=\u00bbinfo_servicios\u00bb css=\u00bb.vc_custom_1738955034805{padding-bottom: 50px !important;background-color: #F5F5F5 !important;}\u00bb][vc_column width=\u00bb1\/2&#8243; css=\u00bb.vc_custom_1738951125832{margin-left: 0px !important;}\u00bb][vc_images_carousel images=\u00bb2528,2527&#8243; img_size=\u00bbfull\u00bb onclick=\u00bblink_no\u00bb speed=\u00bb4000&#8243; autoplay=\u00bbyes\u00bb hide_prev_next_buttons=\u00bbyes\u00bb wrap=\u00bbyes\u00bb css=\u00bb\u00bb el_class=\u00bbinstalaciones\u00bb][\/vc_column][vc_column width=\u00bb1\/2&#8243;][vc_images_carousel images=\u00bb2544,2541,2546,2540,2542,2545,2543&#8243; img_size=\u00bbfull\u00bb onclick=\u00bblink_no\u00bb speed=\u00bb4000&#8243; autoplay=\u00bbyes\u00bb hide_prev_next_buttons=\u00bbyes\u00bb wrap=\u00bbyes\u00bb css=\u00bb\u00bb el_class=\u00bbinstalaciones\u00bb][\/vc_column][\/vc_row][vc_row content_type=\u00bbfull\u00bb anchor=\u00bbpromos\u00bb padding_top=\u00bb0&#8243; padding_bottom=\u00bb0&#8243; background_image=\u00bb0&#8243; css=\u00bb.vc_custom_1738957618335{margin-bottom: 0px !important;}\u00bb][vc_column css=\u00bb.vc_custom_1738956544280{margin-top: 0px !important;}\u00bb][vc_column_text css=\u00bb.vc_custom_1750107175065{margin-top: 20px !important;}\u00bb]<\/p>\n<h3 class=\"titulos\" style=\"font-size: 50px; text-align: center !important;\">Esta semana en Sauna H\u00edspalis<\/h3>\n<p>[\/vc_column_text][vc_media_grid gap=\u00bb35&#8243; css=\u00bb.vc_custom_1769806313057{margin-bottom: 0px !important;}\u00bb grid_id=\u00bbvc_gid:1773949063533-db3d1852-2650-6&#8243; include=\u00bb2674,2548,2675&#8243; el_id=\u00bbprecios\u00bb][vc_media_grid gap=\u00bb35&#8243; css=\u00bb.vc_custom_1771420547287{margin-bottom: 0px !important;}\u00bb grid_id=\u00bbvc_gid:1773949063535-7117192a-eff9-8&#8243; include=\u00bb2677,2690,2679&#8243; el_id=\u00bbeventos\u00bb][vc_media_grid gap=\u00bb35&#8243; css=\u00bb.vc_custom_1773949089613{margin-bottom: 35px !important;}\u00bb grid_id=\u00bbvc_gid:1773949063536-cb144698-2da4-2&#8243; include=\u00bb2703,2678,2688&#8243;][\/vc_column][\/vc_row][vc_section][vc_row css=\u00bb.vc_custom_1738957979603{background-color: #F5F5F5 !important;}\u00bb el_id=\u00bbcontacto\u00bb][vc_column][vc_column_text css=\u00bb.vc_custom_1739042343115{margin-top: 50px !important;background-color: #F5F5F5 !important;}\u00bb]<\/p>\n<h4 class=\"titulos\" style=\"font-size: 50px; text-align: center !important;\">\u00bfD\u00f3nde nos encontramos?<\/h4>\n<p>[\/vc_column_text][vc_gmaps link=\u00bb#E-8_JTNDaWZyYW1lJTIwc3JjJTNEJTIyaHR0cHMlM0ElMkYlMkZ3d3cuZ29vZ2xlLmNvbSUyRm1hcHMlMkZlbWJlZCUzRnBiJTNEJTIxMW0xOCUyMTFtMTIlMjExbTMlMjExZDMxNzAuMDk1Mjk1MTkyOTY5JTIxMmQtNS45Nzc0MTIwODUxNjY4NiUyMTNkMzcuMzg3NTc4NTc5ODMxODQlMjEybTMlMjExZjAlMjEyZjAlMjEzZjAlMjEzbTIlMjExaTEwMjQlMjEyaTc2OCUyMTRmMTMuMSUyMTNtMyUyMTFtMiUyMTFzMHhkMTI2ZWE0ODkxY2RhNGYlMjUzQTB4Y2Y4ODBhODA3Y2RjZTc4MyUyMTJzQ2FsbGUlMjUyMEMlMjVDMyUyNUE5ZmlybyUyNTJDJTI1MjAzJTI1MkMlMjUyMDQxMDE4JTI1MjBTZXZpbGxhJTIxNWUwJTIxM20yJTIxMXNlcyUyMTJzZXMlMjE0djE1OTk1MTYxNTgyMDIlMjE1bTIlMjExc2VzJTIxMnNlcyUyMiUyMHdpZHRoJTNEJTIyNjAwJTIyJTIwaGVpZ2h0JTNEJTIyNDUwJTIyJTIwZnJhbWVib3JkZXIlM0QlMjIwJTIyJTIwc3R5bGUlM0QlMjJib3JkZXIlM0EwJTNCJTIyJTIwYWxsb3dmdWxsc2NyZWVuJTNEJTIyJTIyJTIwYXJpYS1oaWRkZW4lM0QlMjJmYWxzZSUyMiUyMHRhYmluZGV4JTNEJTIyMCUyMiUzRSUzQyUyRmlmcmFtZSUzRQ==\u00bb size=\u00bb500&#8243; css_animation=\u00bbnone\u00bb css=\u00bb.vc_custom_1750107784465{margin-bottom: 70px !important;background-color: #FFFFFF !important;}\u00bb][\/vc_column][\/vc_row][\/vc_section][vc_row content_type=\u00bbfull\u00bb padding_top=\u00bb0&#8243; padding_bottom=\u00bb0&#8243; background_image=\u00bb0&#8243; css=\u00bb.vc_custom_1750108360157{background-color: #FFFFFF !important;}\u00bb][vc_column][vc_column_text css=\u00bb.vc_custom_1739041714254{margin-top: 50px !important;}\u00bb]<\/p>\n<h4 class=\"titulos\" style=\"font-size: 50px; text-align: center !important;\">Te puede interesar&#8230;<\/h4>\n<p>[\/vc_column_text][vc_row_inner el_id=\u00bbimperial\u00bb css=\u00bb.vc_custom_1750108398912{padding-bottom: 40px !important;background-color: #FFFFFF !important;}\u00bb][vc_column_inner el_class=\u00bbtexto\u00bb width=\u00bb1\/2&#8243;][vc_column_text css=\u00bb\u00bb]<\/p>\n<h5 class=\"texto\" style=\"font-size: 30px;\"><a class=\"enlaces\" style=\"color: #ef0003;\" href=\"https:\/\/imperialbcn.com\/\">IMPERIAL MEETING POINT<\/a><\/h5>\n<p><span class=\"texto\" style=\"font-family: Montserrat;\"><span style=\"color: black;\">Descubre nuestro club privado para hombres y punto de encuentro para la comunidad gay.<br \/>\n<\/span><span class=\"texto\" style=\"color: black;\">Imperial es tu lugar perfecto para disfrutar de las mejores experiencias. Es un espacio seguro y original donde te quedar\u00e1s sin palabras.<br \/>\n<\/span><span style=\"color: black;\"><br \/>\n<\/span><span class=\"texto\" style=\"color: black;\">Las instalaciones est\u00e1n formadas por dos plantas con un total de m\u00e1s de 600m2 donde podr\u00e1s disfrutar de una variada programaci\u00f3n de eventos que se van publicando semanalmente en nuestra web.<br \/>\n<span class=\"texto\" style=\"color: black; font-family: Montserrat;\">Tenemos espect\u00e1culos, eventos, charlas, actividades sociales, culturales y mucho m\u00e1s&#8230;<br \/>\nPor \u00faltimo, no te pierdas nuestra planta inferior, donde est\u00e1 llena de misterios. Te encantar\u00e1 perderte en ella.<br \/>\n<\/span><\/span><\/span>[\/vc_column_text][\/vc_column_inner][vc_column_inner el_class=\u00bb.img_24x7&#8243; width=\u00bb1\/2&#8243;][vc_single_image image=\u00bb1505&#8243; img_size=\u00bb600&#215;400&#8243; alignment=\u00bbright\u00bb css=\u00bb\u00bb][\/vc_column_inner][\/vc_row_inner][\/vc_column][\/vc_row][vc_row css=\u00bb.vc_custom_1750107975054{padding-bottom: 70px !important;background-color: #F5F5F5 !important;}\u00bb el_id=\u00bbopiniones\u00bb][vc_column][vc_column_text css=\u00bb.vc_custom_1750108042933{margin-top: 50px !important;background-color: #F5F5F5 !important;}\u00bb]<\/p>\n<h4 class=\"titulos\" style=\"font-size: 50px; text-align: center !important;\">Lo que opinan nuestros clientes<\/h4>\n<p>[\/vc_column_text][vc_raw_html css=\u00bb.vc_custom_1750108083181{margin-bottom: 0px !important;background-color: #F5F5F5 !important;}\u00bb]JTVCdHJ1c3RpbmRleCUyMG5vLXJlZ2lzdHJhdGlvbiUzRGdvb2dsZSU1RA==[\/vc_raw_html][\/vc_column][\/vc_row]<\/p>\n<\/div>","protected":false},"excerpt":{"rendered":"<p>[vc_row full_width=\u00bbstretch_row\u00bb content_type=\u00bbfull\u00bb padding_top=\u00bb0&#8243; padding_bottom=\u00bb0&#8243; background_image=\u00bb0&#8243; css=\u00bb.vc_custom_1738815074407{background-color: #FFFFFF !important;}\u00bb][vc_column css=\u00bb.vc_custom_1738773496971{background-position: center !important;background-repeat: no-repeat !important;background-size: cover !important;}\u00bb][vc_row_inner gap=\u00bb35&#8243; css=\u00bb.vc_custom_1738877327504{margin-top: 0px !important;margin-bottom: 20px !important;}\u00bb][vc_column_inner el_class=\u00bbtexto\u00bb width=\u00bb1\/2&#8243;][vc_column_text css=\u00bb\u00bb] Sauna gay Sevilla [\/vc_column_text][vc_column_text css=\u00bb.vc_custom_1750153698739{margin-bottom: 15px !important;}\u00bb]En Sauna H\u00edspalis te espera un espacio c\u00f3modo y discreto pensado para tu bienestar y disfrute. Rel\u00e1jate en nuestras zonas h\u00famedas, desconecta en la &hellip;<\/p>\n","protected":false},"author":3,"featured_media":2511,"parent":0,"menu_order":0,"comment_status":"closed","ping_status":"closed","template":"","meta":{"footnotes":""},"class_list":["post-399","page","type-page","status-publish","has-post-thumbnail","hentry"],"yoast_head":"<!-- This site is optimized with the Yoast SEO plugin v27.3 - https:\/\/yoast.com\/product\/yoast-seo-wordpress\/ -->\n<title>Sauna gay Sevilla | Sauna Condal<\/title>\n<meta name=\"description\" content=\"Sauna gay Barcelona - Sauna masculina a 2 minutos de Pla\u00e7a Catalunya (Barcelona). Tenemos las instalaciones m\u00e1s modernas a tu disposici\u00f3n.\" \/>\n<meta name=\"robots\" content=\"index, follow, max-snippet:-1, max-image-preview:large, max-video-preview:-1\" \/>\n<link rel=\"canonical\" href=\"https:\/\/www.saunaspases.com\/saunahispalis\/\" \/>\n<meta property=\"og:locale\" content=\"es_ES\" \/>\n<meta property=\"og:type\" content=\"article\" \/>\n<meta property=\"og:title\" content=\"Sauna gay Sevilla | Sauna Condal\" \/>\n<meta property=\"og:description\" content=\"Sauna gay Barcelona - Sauna masculina a 2 minutos de Pla\u00e7a Catalunya (Barcelona). Tenemos las instalaciones m\u00e1s modernas a tu disposici\u00f3n.\" \/>\n<meta property=\"og:url\" content=\"https:\/\/www.saunaspases.com\/saunahispalis\/\" \/>\n<meta property=\"og:site_name\" content=\"Sauna H\u00edspalis\" \/>\n<meta property=\"article:publisher\" content=\"https:\/\/www.facebook.com\/saunacondalofficial\" \/>\n<meta property=\"article:modified_time\" content=\"2026-03-19T19:40:15+00:00\" \/>\n<meta property=\"og:image\" content=\"https:\/\/www.saunaspases.com\/saunahispalis\/wp-content\/uploads\/2025\/06\/portada_hispalis.jpg\" \/>\n\t<meta property=\"og:image:width\" content=\"1024\" \/>\n\t<meta property=\"og:image:height\" content=\"640\" \/>\n\t<meta property=\"og:image:type\" content=\"image\/jpeg\" \/>\n<meta name=\"twitter:card\" content=\"summary_large_image\" \/>\n<meta name=\"twitter:site\" content=\"@SaunaCondal\" \/>\n<meta name=\"twitter:label1\" content=\"Tiempo de lectura\" \/>\n\t<meta name=\"twitter:data1\" content=\"4 minutos\" \/>\n<script type=\"application\/ld+json\" class=\"yoast-schema-graph\">{\"@context\":\"https:\\\/\\\/schema.org\",\"@graph\":[{\"@type\":\"WebPage\",\"@id\":\"https:\\\/\\\/www.saunaspases.com\\\/saunahispalis\\\/\",\"url\":\"https:\\\/\\\/www.saunaspases.com\\\/saunahispalis\\\/\",\"name\":\"Sauna gay Sevilla | Sauna Condal\",\"isPartOf\":{\"@id\":\"https:\\\/\\\/www.saunaspases.com\\\/saunahispalis\\\/#website\"},\"primaryImageOfPage\":{\"@id\":\"https:\\\/\\\/www.saunaspases.com\\\/saunahispalis\\\/#primaryimage\"},\"image\":{\"@id\":\"https:\\\/\\\/www.saunaspases.com\\\/saunahispalis\\\/#primaryimage\"},\"thumbnailUrl\":\"https:\\\/\\\/www.saunaspases.com\\\/saunahispalis\\\/wp-content\\\/uploads\\\/2025\\\/06\\\/portada_hispalis.jpg\",\"datePublished\":\"2018-10-27T14:57:47+00:00\",\"dateModified\":\"2026-03-19T19:40:15+00:00\",\"description\":\"Sauna gay Barcelona - Sauna masculina a 2 minutos de Pla\u00e7a Catalunya (Barcelona). Tenemos las instalaciones m\u00e1s modernas a tu disposici\u00f3n.\",\"breadcrumb\":{\"@id\":\"https:\\\/\\\/www.saunaspases.com\\\/saunahispalis\\\/#breadcrumb\"},\"inLanguage\":\"es\",\"potentialAction\":[{\"@type\":\"ReadAction\",\"target\":[\"https:\\\/\\\/www.saunaspases.com\\\/saunahispalis\\\/\"]}]},{\"@type\":\"ImageObject\",\"inLanguage\":\"es\",\"@id\":\"https:\\\/\\\/www.saunaspases.com\\\/saunahispalis\\\/#primaryimage\",\"url\":\"https:\\\/\\\/www.saunaspases.com\\\/saunahispalis\\\/wp-content\\\/uploads\\\/2025\\\/06\\\/portada_hispalis.jpg\",\"contentUrl\":\"https:\\\/\\\/www.saunaspases.com\\\/saunahispalis\\\/wp-content\\\/uploads\\\/2025\\\/06\\\/portada_hispalis.jpg\",\"width\":1024,\"height\":640,\"caption\":\"sauna gay sevilla\"},{\"@type\":\"BreadcrumbList\",\"@id\":\"https:\\\/\\\/www.saunaspases.com\\\/saunahispalis\\\/#breadcrumb\",\"itemListElement\":[{\"@type\":\"ListItem\",\"position\":1,\"name\":\"Portada\",\"item\":\"https:\\\/\\\/www.saunaspases.com\\\/saunahispalis\\\/\"},{\"@type\":\"ListItem\",\"position\":2,\"name\":\"Sauna gay Sevilla\"}]},{\"@type\":\"WebSite\",\"@id\":\"https:\\\/\\\/www.saunaspases.com\\\/saunahispalis\\\/#website\",\"url\":\"https:\\\/\\\/www.saunaspases.com\\\/saunahispalis\\\/\",\"name\":\"Sauna H\u00edspalis\",\"description\":\"SAUNA H\u00cdSPALIS - OFFICIAL SITE\",\"publisher\":{\"@id\":\"https:\\\/\\\/www.saunaspases.com\\\/saunahispalis\\\/#organization\"},\"potentialAction\":[{\"@type\":\"SearchAction\",\"target\":{\"@type\":\"EntryPoint\",\"urlTemplate\":\"https:\\\/\\\/www.saunaspases.com\\\/saunahispalis\\\/?s={search_term_string}\"},\"query-input\":{\"@type\":\"PropertyValueSpecification\",\"valueRequired\":true,\"valueName\":\"search_term_string\"}}],\"inLanguage\":\"es\"},{\"@type\":\"Organization\",\"@id\":\"https:\\\/\\\/www.saunaspases.com\\\/saunahispalis\\\/#organization\",\"name\":\"Saunas Pases\",\"url\":\"https:\\\/\\\/www.saunaspases.com\\\/saunahispalis\\\/\",\"logo\":{\"@type\":\"ImageObject\",\"inLanguage\":\"es\",\"@id\":\"https:\\\/\\\/www.saunaspases.com\\\/saunahispalis\\\/#\\\/schema\\\/logo\\\/image\\\/\",\"url\":\"https:\\\/\\\/www.saunaspases.com\\\/saunahispalis\\\/wp-content\\\/uploads\\\/2023\\\/08\\\/LOGO-PASES-CONDAL-AGO23.jpg\",\"contentUrl\":\"https:\\\/\\\/www.saunaspases.com\\\/saunahispalis\\\/wp-content\\\/uploads\\\/2023\\\/08\\\/LOGO-PASES-CONDAL-AGO23.jpg\",\"width\":600,\"height\":600,\"caption\":\"Saunas Pases\"},\"image\":{\"@id\":\"https:\\\/\\\/www.saunaspases.com\\\/saunahispalis\\\/#\\\/schema\\\/logo\\\/image\\\/\"},\"sameAs\":[\"https:\\\/\\\/www.facebook.com\\\/saunacondalofficial\",\"https:\\\/\\\/x.com\\\/SaunaCondal\",\"https:\\\/\\\/www.instagram.com\\\/saunacondal\\\/\"]}]}<\/script>\n<!-- \/ Yoast SEO plugin. -->","yoast_head_json":{"title":"Sauna gay Sevilla | Sauna Condal","description":"Sauna gay Barcelona - Sauna masculina a 2 minutos de Pla\u00e7a Catalunya (Barcelona). Tenemos las instalaciones m\u00e1s modernas a tu disposici\u00f3n.","robots":{"index":"index","follow":"follow","max-snippet":"max-snippet:-1","max-image-preview":"max-image-preview:large","max-video-preview":"max-video-preview:-1"},"canonical":"https:\/\/www.saunaspases.com\/saunahispalis\/","og_locale":"es_ES","og_type":"article","og_title":"Sauna gay Sevilla | Sauna Condal","og_description":"Sauna gay Barcelona - Sauna masculina a 2 minutos de Pla\u00e7a Catalunya (Barcelona). Tenemos las instalaciones m\u00e1s modernas a tu disposici\u00f3n.","og_url":"https:\/\/www.saunaspases.com\/saunahispalis\/","og_site_name":"Sauna H\u00edspalis","article_publisher":"https:\/\/www.facebook.com\/saunacondalofficial","article_modified_time":"2026-03-19T19:40:15+00:00","og_image":[{"width":1024,"height":640,"url":"https:\/\/www.saunaspases.com\/saunahispalis\/wp-content\/uploads\/2025\/06\/portada_hispalis.jpg","type":"image\/jpeg"}],"twitter_card":"summary_large_image","twitter_site":"@SaunaCondal","twitter_misc":{"Tiempo de lectura":"4 minutos"},"schema":{"@context":"https:\/\/schema.org","@graph":[{"@type":"WebPage","@id":"https:\/\/www.saunaspases.com\/saunahispalis\/","url":"https:\/\/www.saunaspases.com\/saunahispalis\/","name":"Sauna gay Sevilla | Sauna Condal","isPartOf":{"@id":"https:\/\/www.saunaspases.com\/saunahispalis\/#website"},"primaryImageOfPage":{"@id":"https:\/\/www.saunaspases.com\/saunahispalis\/#primaryimage"},"image":{"@id":"https:\/\/www.saunaspases.com\/saunahispalis\/#primaryimage"},"thumbnailUrl":"https:\/\/www.saunaspases.com\/saunahispalis\/wp-content\/uploads\/2025\/06\/portada_hispalis.jpg","datePublished":"2018-10-27T14:57:47+00:00","dateModified":"2026-03-19T19:40:15+00:00","description":"Sauna gay Barcelona - Sauna masculina a 2 minutos de Pla\u00e7a Catalunya (Barcelona). Tenemos las instalaciones m\u00e1s modernas a tu disposici\u00f3n.","breadcrumb":{"@id":"https:\/\/www.saunaspases.com\/saunahispalis\/#breadcrumb"},"inLanguage":"es","potentialAction":[{"@type":"ReadAction","target":["https:\/\/www.saunaspases.com\/saunahispalis\/"]}]},{"@type":"ImageObject","inLanguage":"es","@id":"https:\/\/www.saunaspases.com\/saunahispalis\/#primaryimage","url":"https:\/\/www.saunaspases.com\/saunahispalis\/wp-content\/uploads\/2025\/06\/portada_hispalis.jpg","contentUrl":"https:\/\/www.saunaspases.com\/saunahispalis\/wp-content\/uploads\/2025\/06\/portada_hispalis.jpg","width":1024,"height":640,"caption":"sauna gay sevilla"},{"@type":"BreadcrumbList","@id":"https:\/\/www.saunaspases.com\/saunahispalis\/#breadcrumb","itemListElement":[{"@type":"ListItem","position":1,"name":"Portada","item":"https:\/\/www.saunaspases.com\/saunahispalis\/"},{"@type":"ListItem","position":2,"name":"Sauna gay Sevilla"}]},{"@type":"WebSite","@id":"https:\/\/www.saunaspases.com\/saunahispalis\/#website","url":"https:\/\/www.saunaspases.com\/saunahispalis\/","name":"Sauna H\u00edspalis","description":"SAUNA H\u00cdSPALIS - OFFICIAL SITE","publisher":{"@id":"https:\/\/www.saunaspases.com\/saunahispalis\/#organization"},"potentialAction":[{"@type":"SearchAction","target":{"@type":"EntryPoint","urlTemplate":"https:\/\/www.saunaspases.com\/saunahispalis\/?s={search_term_string}"},"query-input":{"@type":"PropertyValueSpecification","valueRequired":true,"valueName":"search_term_string"}}],"inLanguage":"es"},{"@type":"Organization","@id":"https:\/\/www.saunaspases.com\/saunahispalis\/#organization","name":"Saunas Pases","url":"https:\/\/www.saunaspases.com\/saunahispalis\/","logo":{"@type":"ImageObject","inLanguage":"es","@id":"https:\/\/www.saunaspases.com\/saunahispalis\/#\/schema\/logo\/image\/","url":"https:\/\/www.saunaspases.com\/saunahispalis\/wp-content\/uploads\/2023\/08\/LOGO-PASES-CONDAL-AGO23.jpg","contentUrl":"https:\/\/www.saunaspases.com\/saunahispalis\/wp-content\/uploads\/2023\/08\/LOGO-PASES-CONDAL-AGO23.jpg","width":600,"height":600,"caption":"Saunas Pases"},"image":{"@id":"https:\/\/www.saunaspases.com\/saunahispalis\/#\/schema\/logo\/image\/"},"sameAs":["https:\/\/www.facebook.com\/saunacondalofficial","https:\/\/x.com\/SaunaCondal","https:\/\/www.instagram.com\/saunacondal\/"]}]}},"_links":{"self":[{"href":"https:\/\/www.saunaspases.com\/saunahispalis\/wp-json\/wp\/v2\/pages\/399","targetHints":{"allow":["GET"]}}],"collection":[{"href":"https:\/\/www.saunaspases.com\/saunahispalis\/wp-json\/wp\/v2\/pages"}],"about":[{"href":"https:\/\/www.saunaspases.com\/saunahispalis\/wp-json\/wp\/v2\/types\/page"}],"author":[{"embeddable":true,"href":"https:\/\/www.saunaspases.com\/saunahispalis\/wp-json\/wp\/v2\/users\/3"}],"replies":[{"embeddable":true,"href":"https:\/\/www.saunaspases.com\/saunahispalis\/wp-json\/wp\/v2\/comments?post=399"}],"version-history":[{"count":830,"href":"https:\/\/www.saunaspases.com\/saunahispalis\/wp-json\/wp\/v2\/pages\/399\/revisions"}],"predecessor-version":[{"id":2704,"href":"https:\/\/www.saunaspases.com\/saunahispalis\/wp-json\/wp\/v2\/pages\/399\/revisions\/2704"}],"wp:featuredmedia":[{"embeddable":true,"href":"https:\/\/www.saunaspases.com\/saunahispalis\/wp-json\/wp\/v2\/media\/2511"}],"wp:attachment":[{"href":"https:\/\/www.saunaspases.com\/saunahispalis\/wp-json\/wp\/v2\/media?parent=399"}],"curies":[{"name":"wp","href":"https:\/\/api.w.org\/{rel}","templated":true}]}}