{"id":399,"date":"2018-10-27T14:57:47","date_gmt":"2018-10-27T14:57:47","guid":{"rendered":"http:\/\/www.davidrico.info\/saunacondal\/?page_id=399"},"modified":"2026-01-14T17:53:18","modified_gmt":"2026-01-14T17:53:18","slug":"gay-sauna-bear-in-barcelona","status":"publish","type":"page","link":"https:\/\/www.saunaspases.com\/saunathermas\/","title":{"rendered":"Sauna gay Barcelona"},"content":{"rendered":"<div class=\"wpb-content-wrapper\"><p>[vc_row full_width=\u00bbstretch_row\u00bb content_type=\u00bbfull\u00bb padding_top=\u00bb0&#8243; padding_bottom=\u00bb0&#8243; background_image=\u00bb0&#8243; css=\u00bb.vc_custom_1738815074407{background-color: #FFFFFF !important;}\u00bb][vc_column css=\u00bb.vc_custom_1738773496971{background-position: center !important;background-repeat: no-repeat !important;background-size: cover !important;}\u00bb][vc_row_inner gap=\u00bb35&#8243; css=\u00bb.vc_custom_1738877327504{margin-top: 0px !important;margin-bottom: 20px !important;}\u00bb][vc_column_inner el_class=\u00bbtexto\u00bb width=\u00bb1\/2&#8243;][vc_column_text css=\u00bb\u00bb]<\/p>\n<h1 class=\"titulos\" style=\"font-size: 50px; text-align: left;\">Sauna gay Barcelona<\/h1>\n<p>[\/vc_column_text][vc_column_text css=\u00bb.vc_custom_1746550069023{margin-bottom: 15px !important;}\u00bb]<span class=\"texto\" style=\"font-family: Montserrat;\"><span class=\"texto\" style=\"color: black;\">Contamos con m\u00e1s de 900 m\u00b2 de instalaciones modernas pensadas para tu bienestar.<\/span><\/span><\/p>\n<p><span class=\"texto\" style=\"font-family: Montserrat;\"><span class=\"texto\" style=\"color: black;\">Rel\u00e1jate en nuestro jacuzzi, disfruta de la sauna seca o de vapor, y t\u00f3mate un respiro con algo rico en nuestro bar.<\/span><\/span><br \/>\n<span class=\"texto\" style=\"font-family: Montserrat;\"><span class=\"texto\" style=\"color: black;\">Queremos que te olvides del mundo por un rato y vivas momentos \u00fanicos en cada rinc\u00f3n.<\/span><\/span><\/p>\n<p><span class=\"texto\" style=\"font-family: Montserrat;\"><span class=\"texto\" style=\"color: black;\">Las opiniones sobre nosotros <a class=\"enlaces\" style=\"color: #ef0003;\" href=\"#opiniones\"><b>nos avala<\/b><\/a>.<br \/>\n<\/span><\/span><\/p>\n<p><span class=\"texto\" style=\"color: black; font-family: Montserrat;\"><strong>\u00a1Vis\u00edtanos!<\/strong><\/span>[\/vc_column_text][\/vc_column_inner][vc_column_inner el_class=\u00bb.img_24x7&#8243; width=\u00bb1\/2&#8243;][vc_single_image image=\u00bb2471&#8243; img_size=\u00bb600&#215;400&#8243; alignment=\u00bbright\u00bb css=\u00bb\u00bb][\/vc_column_inner][\/vc_row_inner][\/vc_column][\/vc_row][vc_row content_type=\u00bbfull\u00bb anchor=\u00bbsauna\u00bb padding_top=\u00bb0&#8243; padding_bottom=\u00bb0&#8243; background_color=\u00bb#ffffff\u00bb background_image=\u00bb0&#8243; css=\u00bb.vc_custom_1738853438870{background-color: #F5F5F5 !important;}\u00bb el_id=\u00bbservicios\u00bb][vc_column css_animation=\u00bbbounceIn\u00bb][vc_column_text css=\u00bb.vc_custom_1739041635904{margin-top: 50px !important;}\u00bb]<\/p>\n<h2 class=\"titulos\" style=\"font-size: 50px; text-align: center !important;\">Descubre nuestras instalaciones<\/h2>\n<p>[\/vc_column_text][\/vc_column][\/vc_row][vc_row gap=\u00bb35&#8243; content_type=\u00bbfull\u00bb padding_top=\u00bb0&#8243; padding_bottom=\u00bb0&#8243; background_image=\u00bb0&#8243; el_class=\u00bbinfo_servicios\u00bb css=\u00bb.vc_custom_1738955034805{padding-bottom: 50px !important;background-color: #F5F5F5 !important;}\u00bb][vc_column width=\u00bb1\/2&#8243; css=\u00bb.vc_custom_1738951125832{margin-left: 0px !important;}\u00bb][vc_images_carousel images=\u00bb2470,2469,2468&#8243; img_size=\u00bbfull\u00bb onclick=\u00bblink_no\u00bb speed=\u00bb4000&#8243; autoplay=\u00bbyes\u00bb hide_prev_next_buttons=\u00bbyes\u00bb wrap=\u00bbyes\u00bb css=\u00bb\u00bb el_class=\u00bbinstalaciones\u00bb][\/vc_column][vc_column width=\u00bb1\/2&#8243;][vc_images_carousel images=\u00bb2457,2467,2464,2463,2462,2458,2465,2461,2466,2460,2459&#8243; img_size=\u00bbfull\u00bb onclick=\u00bblink_no\u00bb speed=\u00bb4000&#8243; autoplay=\u00bbyes\u00bb hide_prev_next_buttons=\u00bbyes\u00bb wrap=\u00bbyes\u00bb css=\u00bb\u00bb el_class=\u00bbinstalaciones\u00bb][\/vc_column][\/vc_row][vc_row content_type=\u00bbfull\u00bb anchor=\u00bbpromos\u00bb padding_top=\u00bb0&#8243; padding_bottom=\u00bb0&#8243; background_image=\u00bb0&#8243; css=\u00bb.vc_custom_1738957618335{margin-bottom: 0px !important;}\u00bb][vc_column css=\u00bb.vc_custom_1738956544280{margin-top: 0px !important;}\u00bb][vc_column_text css=\u00bb.vc_custom_1741204601955{margin-top: 20px !important;}\u00bb]<\/p>\n<h3 class=\"titulos\" style=\"font-size: 50px; text-align: center !important;\">Esta semana en Sauna Thermas<\/h3>\n<p>[\/vc_column_text][vc_media_grid gap=\u00bb35&#8243; css=\u00bb.vc_custom_1767034446730{margin-bottom: 0px !important;}\u00bb grid_id=\u00bbvc_gid:1768413054427-1cb003b0-c7d5-7&#8243; include=\u00bb2564,2565,2566&#8243; el_id=\u00bbeventos\u00bb][vc_media_grid gap=\u00bb35&#8243; css=\u00bb.vc_custom_1755608225183{margin-bottom: 0px !important;}\u00bb grid_id=\u00bbvc_gid:1768413054428-19dd9207-8cba-4&#8243; include=\u00bb2454,2452,2453&#8243;][vc_media_grid gap=\u00bb35&#8243; css=\u00bb\u00bb grid_id=\u00bbvc_gid:1768413054430-3808a2bb-d135-4&#8243; include=\u00bb2572,2450,2449&#8243;][\/vc_column][\/vc_row][vc_section][vc_row css=\u00bb.vc_custom_1738957979603{background-color: #F5F5F5 !important;}\u00bb el_id=\u00bbcontacto\u00bb][vc_column][vc_column_text css=\u00bb.vc_custom_1739042343115{margin-top: 50px !important;background-color: #F5F5F5 !important;}\u00bb]<\/p>\n<h4 class=\"titulos\" style=\"font-size: 50px; text-align: center !important;\">\u00bfD\u00f3nde nos encontramos?<\/h4>\n<p>[\/vc_column_text][vc_gmaps link=\u00bb#E-8_JTNDaWZyYW1lJTIwc3JjJTNEJTIyaHR0cHMlM0ElMkYlMkZ3d3cuZ29vZ2xlLmNvbSUyRm1hcHMlMkZlbWJlZCUzRnBiJTNEJTIxMW0xOCUyMTFtMTIlMjExbTMlMjExZDI5OTMuNzcwNDE2NDgyNjc1NSUyMTJkMi4xNTAxODA0MTU2NDc1NzUyJTIxM2Q0MS4zNzkwNzI0NzkyNjQ4NSUyMTJtMyUyMTFmMCUyMTJmMCUyMTNmMCUyMTNtMiUyMTFpMTAyNCUyMTJpNzY4JTIxNGYxMy4xJTIxM20zJTIxMW0yJTIxMXMweDEyYTRhMjdkYTkxOWU3NmIlMjUzQTB4MTI3MDE2YTc3ZDNhOTVlYiUyMTJzQ2FycmVyJTJCZGUlMkJsYSUyQkRpcHV0YWNpJTI1QzMlMjVCMyUyNTJDJTJCNDYlMjUyQyUyQjA4MDE1JTJCQmFyY2Vsb25hJTIxNWUwJTIxM20yJTIxMXNlcyUyMTJzZXMlMjE0djE1NDYxMDgzMzY1NjAlMjIlMjB3aWR0aCUzRCUyMjYwMCUyMiUyMGhlaWdodCUzRCUyMjQ1MCUyMiUyMGZyYW1lYm9yZGVyJTNEJTIyMCUyMiUyMHN0eWxlJTNEJTIyYm9yZGVyJTNBMCUyMiUyMGFsbG93ZnVsbHNjcmVlbiUzRSUzQyUyRmlmcmFtZSUzRQ==\u00bb size=\u00bb500&#8243; css_animation=\u00bbnone\u00bb css=\u00bb.vc_custom_1741212506958{margin-bottom: 70px !important;background-color: #FFFFFF !important;}\u00bb][\/vc_column][\/vc_row][\/vc_section][vc_row content_type=\u00bbfull\u00bb padding_top=\u00bb0&#8243; padding_bottom=\u00bb0&#8243; background_image=\u00bb0&#8243; css=\u00bb.vc_custom_1738959867136{padding-bottom: 70px !important;background-color: #FFFFFF !important;}\u00bb][vc_column css=\u00bb.vc_custom_1738851399397{background-color: #FFFFFF !important;}\u00bb][vc_column_text css=\u00bb.vc_custom_1739042462997{margin-top: 50px !important;margin-bottom: 0px !important;background-color: #FFFFFF !important;}\u00bb]<\/p>\n<h4 class=\"titulos\" style=\"font-size: 50px; text-align: center !important;\">Tour virtual 360\u00ba<\/h4>\n<p>[\/vc_column_text][vc_column_text css=\u00bb.vc_custom_1739042851814{background-color: #FFFFFF !important;}\u00bb]<\/p>\n<h5 class=\"subtitulos\" style=\"font-size: 50px; text-align: center !important;\">Sauna gay<\/h5>\n<p>[\/vc_column_text][vc_gmaps link=\u00bb#E-8_JTNDaWZyYW1lJTIwc3JjJTNEJTIyaHR0cHMlM0ElMkYlMkZ3d3cuZ29vZ2xlLmNvbSUyRm1hcHMlMkZlbWJlZCUzRnBiJTNEJTIxNHYxNzM2MjQ1MTE5Mjk1JTIxNm04JTIxMW03JTIxMXNDQW9TTEVGR01WRnBjRkJRWkd4aVIxVlNPV3BvVnpKU2NXVklUM1JOVFY4d2FXTmlUR2t4Wmt4aVZqZzVOakp0JTIxMm0yJTIxMWQ0MS4zNzkxMjQ4NjYxMzAwMyUyMTJkMi4xNTIyMDcyMTE5NTk1NDclMjEzZjEyOS40MzE2MDI2NzQ5NjU2NiUyMTRmMS4wNzcyNzE3NDIxMTc5NDM2JTIxNWYwLjQwMDAwMDAwMDAwMDAwMDIlMjIlMjB3aWR0aCUzRCUyMjYwMCUyMiUyMGhlaWdodCUzRCUyMjQ1MCUyMiUyMHN0eWxlJTNEJTIyYm9yZGVyJTNBMCUzQiUyMiUyMGFsbG93ZnVsbHNjcmVlbiUzRCUyMiUyMiUyMGxvYWRpbmclM0QlMjJsYXp5JTIyJTIwcmVmZXJyZXJwb2xpY3klM0QlMjJuby1yZWZlcnJlci13aGVuLWRvd25ncmFkZSUyMiUzRSUzQyUyRmlmcmFtZSUzRQ==\u00bb size=\u00bb500&#8243; css_animation=\u00bbnone\u00bb css=\u00bb.vc_custom_1741215387651{background-color: #FFFFFF !important;}\u00bb][\/vc_column][\/vc_row][vc_row content_type=\u00bbfull\u00bb padding_top=\u00bb0&#8243; padding_bottom=\u00bb0&#8243; background_image=\u00bb0&#8243; css=\u00bb.vc_custom_1738852042263{background-color: #F5F5F5 !important;}\u00bb][vc_column][vc_column_text css=\u00bb.vc_custom_1739041714254{margin-top: 50px !important;}\u00bb]<\/p>\n<h4 class=\"titulos\" style=\"font-size: 50px; text-align: center !important;\">Te puede interesar&#8230;<\/h4>\n<p>[\/vc_column_text][vc_row_inner el_id=\u00bbimperial\u00bb css=\u00bb.vc_custom_1738960349620{padding-bottom: 40px !important;background-color: #F5F5F5 !important;}\u00bb][vc_column_inner el_class=\u00bbtexto\u00bb width=\u00bb1\/2&#8243;][vc_column_text css=\u00bb\u00bb]<\/p>\n<h5 class=\"texto\" style=\"font-size: 30px;\"><a class=\"enlaces\" style=\"color: #ef0003;\" href=\"https:\/\/imperialbcn.com\/\">IMPERIAL MEETING POINT<\/a><\/h5>\n<p><span class=\"texto\" style=\"font-family: Montserrat;\"><span style=\"color: black;\">Descubre nuestro club privado para hombres y punto de encuentro para la comunidad gay.<br \/>\n<\/span><span class=\"texto\" style=\"color: black;\">Imperial es tu lugar perfecto para disfrutar de las mejores experiencias. Es un espacio seguro y original donde te quedar\u00e1s sin palabras.<br \/>\n<\/span><span style=\"color: black;\"><br \/>\n<\/span><span class=\"texto\" style=\"color: black;\">Las instalaciones est\u00e1n formadas por dos plantas con un total de m\u00e1s de 600m2 donde podr\u00e1s disfrutar de una variada programaci\u00f3n de eventos que se van publicando semanalmente en nuestra web.<br \/>\n<span class=\"texto\" style=\"color: black; font-family: Montserrat;\">Tenemos espect\u00e1culos, eventos, charlas, actividades sociales, culturales y mucho m\u00e1s&#8230;<br \/>\nPor \u00faltimo, no te pierdas nuestra planta inferior, donde est\u00e1 llena de misterios. Te encantar\u00e1 perderte en ella.<br \/>\n<\/span><\/span><\/span>[\/vc_column_text][\/vc_column_inner][vc_column_inner el_class=\u00bb.img_24x7&#8243; width=\u00bb1\/2&#8243;][vc_single_image image=\u00bb1505&#8243; img_size=\u00bb600&#215;400&#8243; alignment=\u00bbright\u00bb css=\u00bb\u00bb][\/vc_column_inner][\/vc_row_inner][\/vc_column][\/vc_row][vc_row css=\u00bb.vc_custom_1739965046724{padding-bottom: 70px !important;background-color: #FFFFFF !important;}\u00bb el_id=\u00bbopiniones\u00bb][vc_column][vc_column_text css=\u00bb.vc_custom_1741374914591{margin-top: 50px !important;background-color: #FFFFFF !important;}\u00bb]<\/p>\n<h4 class=\"titulos\" style=\"font-size: 50px; text-align: center !important;\">Lo que opinan nuestros clientes<\/h4>\n<p>[\/vc_column_text][vc_raw_html css=\u00bb.vc_custom_1738852170649{margin-bottom: 0px !important;background-color: #FFFFFF !important;}\u00bb]JTVCdHJ1c3RpbmRleCUyMG5vLXJlZ2lzdHJhdGlvbiUzRGdvb2dsZSU1RA==[\/vc_raw_html][\/vc_column][\/vc_row]<\/p>\n<\/div>","protected":false},"excerpt":{"rendered":"<p>[vc_row full_width=\u00bbstretch_row\u00bb content_type=\u00bbfull\u00bb padding_top=\u00bb0&#8243; padding_bottom=\u00bb0&#8243; background_image=\u00bb0&#8243; css=\u00bb.vc_custom_1738815074407{background-color: #FFFFFF !important;}\u00bb][vc_column css=\u00bb.vc_custom_1738773496971{background-position: center !important;background-repeat: no-repeat !important;background-size: cover !important;}\u00bb][vc_row_inner gap=\u00bb35&#8243; css=\u00bb.vc_custom_1738877327504{margin-top: 0px !important;margin-bottom: 20px !important;}\u00bb][vc_column_inner el_class=\u00bbtexto\u00bb width=\u00bb1\/2&#8243;][vc_column_text css=\u00bb\u00bb] Sauna gay Barcelona [\/vc_column_text][vc_column_text css=\u00bb.vc_custom_1746550069023{margin-bottom: 15px !important;}\u00bb]Contamos con m\u00e1s de 900 m\u00b2 de instalaciones modernas pensadas para tu bienestar. Rel\u00e1jate en nuestro jacuzzi, disfruta de la sauna seca o de &hellip;<\/p>\n","protected":false},"author":3,"featured_media":2472,"parent":0,"menu_order":0,"comment_status":"closed","ping_status":"closed","template":"","meta":{"footnotes":""},"class_list":["post-399","page","type-page","status-publish","has-post-thumbnail","hentry"],"yoast_head":"<!-- This site is optimized with the Yoast SEO plugin v27.3 - https:\/\/yoast.com\/product\/yoast-seo-wordpress\/ -->\n<title>Sauna gay Barcelona | Sauna Thermas<\/title>\n<meta name=\"description\" content=\"Sauna gay Barcelona - Sauna masculina de m\u00e1s de 900 m2 con las instalaciones m\u00e1s modernas a tu disposici\u00f3n.\" \/>\n<meta name=\"robots\" content=\"index, follow, max-snippet:-1, max-image-preview:large, max-video-preview:-1\" \/>\n<link rel=\"canonical\" href=\"https:\/\/www.saunaspases.com\/saunathermas\/\" \/>\n<meta property=\"og:locale\" content=\"es_ES\" \/>\n<meta property=\"og:type\" content=\"article\" \/>\n<meta property=\"og:title\" content=\"Sauna gay Barcelona | Sauna Thermas\" \/>\n<meta property=\"og:description\" content=\"Sauna gay Barcelona - Sauna masculina de m\u00e1s de 900 m2 con las instalaciones m\u00e1s modernas a tu disposici\u00f3n.\" \/>\n<meta property=\"og:url\" content=\"https:\/\/www.saunaspases.com\/saunathermas\/\" \/>\n<meta property=\"og:site_name\" content=\"Sauna Thermas\" \/>\n<meta property=\"article:publisher\" content=\"https:\/\/www.facebook.com\/saunacondalofficial\" \/>\n<meta property=\"article:modified_time\" content=\"2026-01-14T17:53:18+00:00\" \/>\n<meta property=\"og:image\" content=\"http:\/\/www.saunaspases.com\/saunathermas\/wp-content\/uploads\/2025\/03\/Thermas_01.jpg\" \/>\n\t<meta property=\"og:image:width\" content=\"1400\" \/>\n\t<meta property=\"og:image:height\" content=\"800\" \/>\n\t<meta property=\"og:image:type\" content=\"image\/jpeg\" \/>\n<meta name=\"twitter:card\" content=\"summary_large_image\" \/>\n<meta name=\"twitter:site\" content=\"@SaunaCondal\" \/>\n<meta name=\"twitter:label1\" content=\"Tiempo de lectura\" \/>\n\t<meta name=\"twitter:data1\" content=\"7 minutos\" \/>\n<script type=\"application\/ld+json\" class=\"yoast-schema-graph\">{\"@context\":\"https:\\\/\\\/schema.org\",\"@graph\":[{\"@type\":\"WebPage\",\"@id\":\"https:\\\/\\\/www.saunaspases.com\\\/saunathermas\\\/\",\"url\":\"https:\\\/\\\/www.saunaspases.com\\\/saunathermas\\\/\",\"name\":\"Sauna gay Barcelona | Sauna Thermas\",\"isPartOf\":{\"@id\":\"https:\\\/\\\/www.saunaspases.com\\\/saunathermas\\\/#website\"},\"primaryImageOfPage\":{\"@id\":\"https:\\\/\\\/www.saunaspases.com\\\/saunathermas\\\/#primaryimage\"},\"image\":{\"@id\":\"https:\\\/\\\/www.saunaspases.com\\\/saunathermas\\\/#primaryimage\"},\"thumbnailUrl\":\"https:\\\/\\\/www.saunaspases.com\\\/saunathermas\\\/wp-content\\\/uploads\\\/2025\\\/03\\\/Thermas_01.jpg\",\"datePublished\":\"2018-10-27T14:57:47+00:00\",\"dateModified\":\"2026-01-14T17:53:18+00:00\",\"description\":\"Sauna gay Barcelona - Sauna masculina de m\u00e1s de 900 m2 con las instalaciones m\u00e1s modernas a tu disposici\u00f3n.\",\"breadcrumb\":{\"@id\":\"https:\\\/\\\/www.saunaspases.com\\\/saunathermas\\\/#breadcrumb\"},\"inLanguage\":\"es\",\"potentialAction\":[{\"@type\":\"ReadAction\",\"target\":[\"https:\\\/\\\/www.saunaspases.com\\\/saunathermas\\\/\"]}]},{\"@type\":\"ImageObject\",\"inLanguage\":\"es\",\"@id\":\"https:\\\/\\\/www.saunaspases.com\\\/saunathermas\\\/#primaryimage\",\"url\":\"https:\\\/\\\/www.saunaspases.com\\\/saunathermas\\\/wp-content\\\/uploads\\\/2025\\\/03\\\/Thermas_01.jpg\",\"contentUrl\":\"https:\\\/\\\/www.saunaspases.com\\\/saunathermas\\\/wp-content\\\/uploads\\\/2025\\\/03\\\/Thermas_01.jpg\",\"width\":1400,\"height\":800,\"caption\":\"sauna gay barcelona\"},{\"@type\":\"BreadcrumbList\",\"@id\":\"https:\\\/\\\/www.saunaspases.com\\\/saunathermas\\\/#breadcrumb\",\"itemListElement\":[{\"@type\":\"ListItem\",\"position\":1,\"name\":\"Portada\",\"item\":\"https:\\\/\\\/www.saunaspases.com\\\/saunathermas\\\/\"},{\"@type\":\"ListItem\",\"position\":2,\"name\":\"Sauna gay Barcelona\"}]},{\"@type\":\"WebSite\",\"@id\":\"https:\\\/\\\/www.saunaspases.com\\\/saunathermas\\\/#website\",\"url\":\"https:\\\/\\\/www.saunaspases.com\\\/saunathermas\\\/\",\"name\":\"Sauna Thermas\",\"description\":\"SAUNA THERMAS - OFFICIAL SITE\",\"publisher\":{\"@id\":\"https:\\\/\\\/www.saunaspases.com\\\/saunathermas\\\/#organization\"},\"potentialAction\":[{\"@type\":\"SearchAction\",\"target\":{\"@type\":\"EntryPoint\",\"urlTemplate\":\"https:\\\/\\\/www.saunaspases.com\\\/saunathermas\\\/?s={search_term_string}\"},\"query-input\":{\"@type\":\"PropertyValueSpecification\",\"valueRequired\":true,\"valueName\":\"search_term_string\"}}],\"inLanguage\":\"es\"},{\"@type\":\"Organization\",\"@id\":\"https:\\\/\\\/www.saunaspases.com\\\/saunathermas\\\/#organization\",\"name\":\"Saunas Pases\",\"url\":\"https:\\\/\\\/www.saunaspases.com\\\/saunathermas\\\/\",\"logo\":{\"@type\":\"ImageObject\",\"inLanguage\":\"es\",\"@id\":\"https:\\\/\\\/www.saunaspases.com\\\/saunathermas\\\/#\\\/schema\\\/logo\\\/image\\\/\",\"url\":\"https:\\\/\\\/www.saunaspases.com\\\/saunathermas\\\/wp-content\\\/uploads\\\/2023\\\/08\\\/LOGO-PASES-CONDAL-AGO23.jpg\",\"contentUrl\":\"https:\\\/\\\/www.saunaspases.com\\\/saunathermas\\\/wp-content\\\/uploads\\\/2023\\\/08\\\/LOGO-PASES-CONDAL-AGO23.jpg\",\"width\":600,\"height\":600,\"caption\":\"Saunas Pases\"},\"image\":{\"@id\":\"https:\\\/\\\/www.saunaspases.com\\\/saunathermas\\\/#\\\/schema\\\/logo\\\/image\\\/\"},\"sameAs\":[\"https:\\\/\\\/www.facebook.com\\\/saunacondalofficial\",\"https:\\\/\\\/x.com\\\/SaunaCondal\",\"https:\\\/\\\/www.instagram.com\\\/saunacondal\\\/\"]}]}<\/script>\n<!-- \/ Yoast SEO plugin. -->","yoast_head_json":{"title":"Sauna gay Barcelona | Sauna Thermas","description":"Sauna gay Barcelona - Sauna masculina de m\u00e1s de 900 m2 con las instalaciones m\u00e1s modernas a tu disposici\u00f3n.","robots":{"index":"index","follow":"follow","max-snippet":"max-snippet:-1","max-image-preview":"max-image-preview:large","max-video-preview":"max-video-preview:-1"},"canonical":"https:\/\/www.saunaspases.com\/saunathermas\/","og_locale":"es_ES","og_type":"article","og_title":"Sauna gay Barcelona | Sauna Thermas","og_description":"Sauna gay Barcelona - Sauna masculina de m\u00e1s de 900 m2 con las instalaciones m\u00e1s modernas a tu disposici\u00f3n.","og_url":"https:\/\/www.saunaspases.com\/saunathermas\/","og_site_name":"Sauna Thermas","article_publisher":"https:\/\/www.facebook.com\/saunacondalofficial","article_modified_time":"2026-01-14T17:53:18+00:00","og_image":[{"width":1400,"height":800,"url":"http:\/\/www.saunaspases.com\/saunathermas\/wp-content\/uploads\/2025\/03\/Thermas_01.jpg","type":"image\/jpeg"}],"twitter_card":"summary_large_image","twitter_site":"@SaunaCondal","twitter_misc":{"Tiempo de lectura":"7 minutos"},"schema":{"@context":"https:\/\/schema.org","@graph":[{"@type":"WebPage","@id":"https:\/\/www.saunaspases.com\/saunathermas\/","url":"https:\/\/www.saunaspases.com\/saunathermas\/","name":"Sauna gay Barcelona | Sauna Thermas","isPartOf":{"@id":"https:\/\/www.saunaspases.com\/saunathermas\/#website"},"primaryImageOfPage":{"@id":"https:\/\/www.saunaspases.com\/saunathermas\/#primaryimage"},"image":{"@id":"https:\/\/www.saunaspases.com\/saunathermas\/#primaryimage"},"thumbnailUrl":"https:\/\/www.saunaspases.com\/saunathermas\/wp-content\/uploads\/2025\/03\/Thermas_01.jpg","datePublished":"2018-10-27T14:57:47+00:00","dateModified":"2026-01-14T17:53:18+00:00","description":"Sauna gay Barcelona - Sauna masculina de m\u00e1s de 900 m2 con las instalaciones m\u00e1s modernas a tu disposici\u00f3n.","breadcrumb":{"@id":"https:\/\/www.saunaspases.com\/saunathermas\/#breadcrumb"},"inLanguage":"es","potentialAction":[{"@type":"ReadAction","target":["https:\/\/www.saunaspases.com\/saunathermas\/"]}]},{"@type":"ImageObject","inLanguage":"es","@id":"https:\/\/www.saunaspases.com\/saunathermas\/#primaryimage","url":"https:\/\/www.saunaspases.com\/saunathermas\/wp-content\/uploads\/2025\/03\/Thermas_01.jpg","contentUrl":"https:\/\/www.saunaspases.com\/saunathermas\/wp-content\/uploads\/2025\/03\/Thermas_01.jpg","width":1400,"height":800,"caption":"sauna gay barcelona"},{"@type":"BreadcrumbList","@id":"https:\/\/www.saunaspases.com\/saunathermas\/#breadcrumb","itemListElement":[{"@type":"ListItem","position":1,"name":"Portada","item":"https:\/\/www.saunaspases.com\/saunathermas\/"},{"@type":"ListItem","position":2,"name":"Sauna gay Barcelona"}]},{"@type":"WebSite","@id":"https:\/\/www.saunaspases.com\/saunathermas\/#website","url":"https:\/\/www.saunaspases.com\/saunathermas\/","name":"Sauna Thermas","description":"SAUNA THERMAS - OFFICIAL SITE","publisher":{"@id":"https:\/\/www.saunaspases.com\/saunathermas\/#organization"},"potentialAction":[{"@type":"SearchAction","target":{"@type":"EntryPoint","urlTemplate":"https:\/\/www.saunaspases.com\/saunathermas\/?s={search_term_string}"},"query-input":{"@type":"PropertyValueSpecification","valueRequired":true,"valueName":"search_term_string"}}],"inLanguage":"es"},{"@type":"Organization","@id":"https:\/\/www.saunaspases.com\/saunathermas\/#organization","name":"Saunas Pases","url":"https:\/\/www.saunaspases.com\/saunathermas\/","logo":{"@type":"ImageObject","inLanguage":"es","@id":"https:\/\/www.saunaspases.com\/saunathermas\/#\/schema\/logo\/image\/","url":"https:\/\/www.saunaspases.com\/saunathermas\/wp-content\/uploads\/2023\/08\/LOGO-PASES-CONDAL-AGO23.jpg","contentUrl":"https:\/\/www.saunaspases.com\/saunathermas\/wp-content\/uploads\/2023\/08\/LOGO-PASES-CONDAL-AGO23.jpg","width":600,"height":600,"caption":"Saunas Pases"},"image":{"@id":"https:\/\/www.saunaspases.com\/saunathermas\/#\/schema\/logo\/image\/"},"sameAs":["https:\/\/www.facebook.com\/saunacondalofficial","https:\/\/x.com\/SaunaCondal","https:\/\/www.instagram.com\/saunacondal\/"]}]}},"_links":{"self":[{"href":"https:\/\/www.saunaspases.com\/saunathermas\/wp-json\/wp\/v2\/pages\/399","targetHints":{"allow":["GET"]}}],"collection":[{"href":"https:\/\/www.saunaspases.com\/saunathermas\/wp-json\/wp\/v2\/pages"}],"about":[{"href":"https:\/\/www.saunaspases.com\/saunathermas\/wp-json\/wp\/v2\/types\/page"}],"author":[{"embeddable":true,"href":"https:\/\/www.saunaspases.com\/saunathermas\/wp-json\/wp\/v2\/users\/3"}],"replies":[{"embeddable":true,"href":"https:\/\/www.saunaspases.com\/saunathermas\/wp-json\/wp\/v2\/comments?post=399"}],"version-history":[{"count":780,"href":"https:\/\/www.saunaspases.com\/saunathermas\/wp-json\/wp\/v2\/pages\/399\/revisions"}],"predecessor-version":[{"id":2573,"href":"https:\/\/www.saunaspases.com\/saunathermas\/wp-json\/wp\/v2\/pages\/399\/revisions\/2573"}],"wp:featuredmedia":[{"embeddable":true,"href":"https:\/\/www.saunaspases.com\/saunathermas\/wp-json\/wp\/v2\/media\/2472"}],"wp:attachment":[{"href":"https:\/\/www.saunaspases.com\/saunathermas\/wp-json\/wp\/v2\/media?parent=399"}],"curies":[{"name":"wp","href":"https:\/\/api.w.org\/{rel}","templated":true}]}}